{"id":249,"date":"2016-08-16T07:06:08","date_gmt":"2016-08-16T07:06:08","guid":{"rendered":"https:\/\/eventosenbogota.com\/?page_id=249"},"modified":"2024-08-05T17:59:15","modified_gmt":"2024-08-05T17:59:15","slug":"nuestra-empresa-de-eventos-en-bogota-wedding-planner-event-planer-planeadores-de-eventos-planeador-de-bodas-y-matrimonios-en-bogota","status":"publish","type":"page","link":"https:\/\/eventosenbogota.com\/nuestra-empresa-de-eventos-en-bogota-wedding-planner-event-planer-planeadores-de-eventos-planeador-de-bodas-y-matrimonios-en-bogota\/","title":{"rendered":"Nuestra Empresa"},"content":{"rendered":"<div class=\"wpb-content-wrapper\"><p>[vc_row full_width=&#8221;stretch_row&#8221; css=&#8221;.vc_custom_1722203032796{background-image: url(https:\/\/eventosenbogota.com\/wp-content\/uploads\/2024\/07\/fondo-eventos-en-bogota-contactenos.png?id=788) !important;background-position: center !important;background-repeat: no-repeat !important;background-size: cover !important;}&#8221;][vc_column][trx_columns count=&#8221;9&#8243; margins=&#8221;&#8221; class=&#8221;mrgn-top&#8221; css=&#8221;margin-top: 11.3em; margin-bottom: 10.8em;&#8221;][trx_column_item span=&#8221;5&#8243;][trx_title type=&#8221;6&#8243; css=&#8221;margin-bottom: 2.5em;&#8221; top=&#8221;null&#8221;]Sobre Nosotros[\/trx_title][trx_title type=&#8221;2&#8243; style=&#8221;iconed&#8221; picture=&#8221;362&#8243; position=&#8221;bottom&#8221; css=&#8221;margin-bottom: 1.16em ;&#8221; top=&#8221;tiny&#8221; bottom=&#8221;null&#8221;]Planificamos y dise\u00f1amos bodas<br \/>\nque capturan la imaginaci\u00f3n[\/trx_title][vc_column_text]Eventos en Bogot\u00e1 es la empresa que se encargar\u00e1 de la organizaci\u00f3n y decoraci\u00f3n de tu fiesta..<\/p>\n<p>Especialistas en bodas, quince a\u00f1os, empresariales y todo tipo de eventos sociales, nuestra empresa estar\u00e1 en capacidad de hacer el montaje de un evento cl\u00e1sico, moderno o tem\u00e1tico, de acuerdo con las necesidades y expectativas de sus clientes. Son doce a\u00f1os de experiencia que pondr\u00e1 a su servicios y que har\u00e1n de su d\u00eda, el momento perfecto.[\/vc_column_text][trx_button size=&#8221;medium&#8221; link=&#8221;\/our-team\/&#8221; css=&#8221;margin-top: 6em;&#8221;]more about us[\/trx_button][\/trx_column_item][trx_column_item span=&#8221;4&#8243;][cq_vc_coverslider images=&#8221;795,796,797,798,799,800&#8243; delaytime=&#8221;2&#8243; navstyle=&#8221;grapefruit&#8221; buttonsize=&#8221;btn-large&#8221; navposition=&#8221;overlay-right&#8221;][\/cq_vc_coverslider][\/trx_column_item][\/trx_columns][\/vc_column][\/vc_row][vc_row][vc_column][trx_testimonials controls=&#8221;side&#8221; cat=&#8221;0&#8243; bottom=&#8221;medium&#8221; css=&#8221;margin-top: 7em;&#8221;][\/trx_testimonials][\/vc_column][\/vc_row]<\/p>\n<\/div>","protected":false},"excerpt":{"rendered":"<p>[vc_row full_width=&#8221;stretch_row&#8221; css=&#8221;.vc_custom_1722203032796{background-image: url(https:\/\/eventosenbogota.com\/wp-content\/uploads\/2024\/07\/fondo-eventos-en-bogota-contactenos.png?id=788) !important;background-position: center !important;background-repeat: no-repeat !important;background-size: cover !important;}&#8221;][vc_column][trx_columns count=&#8221;9&#8243; margins=&#8221;&#8221; class=&#8221;mrgn-top&#8221; css=&#8221;margin-top: 11.3em; margin-bottom: 10.8em;&#8221;][trx_column_item span=&#8221;5&#8243;][trx_title type=&#8221;6&#8243; css=&#8221;margin-bottom: 2.5em;&#8221; top=&#8221;null&#8221;]Sobre Nosotros[\/trx_title][trx_title type=&#8221;2&#8243; style=&#8221;iconed&#8221; picture=&#8221;362&#8243; position=&#8221;bottom&#8221; css=&#8221;margin-bottom: 1.16em &hellip; <a href=\"https:\/\/eventosenbogota.com\/nuestra-empresa-de-eventos-en-bogota-wedding-planner-event-planer-planeadores-de-eventos-planeador-de-bodas-y-matrimonios-en-bogota\/\" class=\"more-link\">Continue reading <span class=\"screen-reader-text\">Nuestra Empresa<\/span><\/a><\/p>\n","protected":false},"author":1,"featured_media":0,"parent":0,"menu_order":0,"comment_status":"closed","ping_status":"closed","template":"","meta":{"_monsterinsights_skip_tracking":false,"_monsterinsights_sitenote_active":false,"_monsterinsights_sitenote_note":"","_monsterinsights_sitenote_category":0,"footnotes":""},"class_list":["post-249","page","type-page","status-publish","hentry"],"aioseo_notices":[],"_links":{"self":[{"href":"https:\/\/eventosenbogota.com\/wp-json\/wp\/v2\/pages\/249","targetHints":{"allow":["GET"]}}],"collection":[{"href":"https:\/\/eventosenbogota.com\/wp-json\/wp\/v2\/pages"}],"about":[{"href":"https:\/\/eventosenbogota.com\/wp-json\/wp\/v2\/types\/page"}],"author":[{"embeddable":true,"href":"https:\/\/eventosenbogota.com\/wp-json\/wp\/v2\/users\/1"}],"replies":[{"embeddable":true,"href":"https:\/\/eventosenbogota.com\/wp-json\/wp\/v2\/comments?post=249"}],"version-history":[{"count":5,"href":"https:\/\/eventosenbogota.com\/wp-json\/wp\/v2\/pages\/249\/revisions"}],"predecessor-version":[{"id":793,"href":"https:\/\/eventosenbogota.com\/wp-json\/wp\/v2\/pages\/249\/revisions\/793"}],"wp:attachment":[{"href":"https:\/\/eventosenbogota.com\/wp-json\/wp\/v2\/media?parent=249"}],"curies":[{"name":"wp","href":"https:\/\/api.w.org\/{rel}","templated":true}]}}